{"id":21,"date":"2020-02-07T17:11:24","date_gmt":"2020-02-07T17:11:24","guid":{"rendered":"http:\/\/astloch-musik.de\/?page_id=21"},"modified":"2020-03-03T19:43:20","modified_gmt":"2020-03-03T19:43:20","slug":"die-band","status":"publish","type":"page","link":"https:\/\/astloch-musik.de\/?page_id=21","title":{"rendered":"Die Band"},"content":{"rendered":"\n<p>Im Herbst 1998 gruppierte sich ASTLOCH und stand im August 1999 als Trio erstmals auf der B\u00fchne. Die Band ist seitdem auf verschiedenen Festen und zu Privatfeiern in und um Saalfeld zu erleben und spielt regelm\u00e4\u00dfig beim &#8222;Saalfelder Grottenadvent&#8220;.<\/p>\n\n\n\n<p>Wir spielen gern auf Ihrer Geburtstagsparty, zum Firmenjubil\u00e4um, Gemeinde- und Countryfest sowie in der Adventszeit auf Ihrer Weihnachtsfeier. <\/p>\n\n\n\n<div class=\"wp-block-image\"><figure class=\"alignright size-large is-resized\"><img loading=\"lazy\" decoding=\"async\" src=\"http:\/\/astloch-musik.de\/wp-content\/uploads\/2020\/02\/Antonia-Wilhelm-Large-683x1024.jpg\" alt=\"\" class=\"wp-image-48\" width=\"150\" height=\"205\"\/><\/figure><\/div>\n\n\n\n<p class=\"has-text-color has-background has-black-color has-gold-background-color\"><strong>Antonia Hofmann<\/strong><br><strong><br><\/strong>Geboren 1993 ist Antonia die J\u00fcngste im Bunde und seit 2017 bei ASTLOCH. Mit ihrer Stimme gibt sie bei uns den Ton an. Denn dank ihrer achtj\u00e4hrigen klassischen Gesangsausbildung ist sie daf\u00fcr geradezu pr\u00e4destiniert. Au\u00dferdem sorgt sie mit den Handpercussion-Instrumenten f\u00fcr den richtigen Rhythmus.<br><br><\/p>\n\n\n\n<div class=\"wp-block-image is-style-default\"><figure class=\"alignright size-medium is-resized\"><img loading=\"lazy\" decoding=\"async\" src=\"http:\/\/astloch-musik.de\/wp-content\/uploads\/2020\/02\/Frank-Kolberg-203x300.jpg\" alt=\"\" class=\"wp-image-40\" width=\"150\" height=\"217\"\/><\/figure><\/div>\n\n\n\n<p class=\"has-text-color has-background has-normal-font-size has-black-color has-gold-background-color\"><strong>Frank &#8222;Franky&#8220; Kolberg<\/strong><br><br>Franky, Jahrgang 1966, singt seit Februar 2000 bei ASTLOCH. Er spielt 5-String-Banjo, Gitarre und Dobro. In seinem vorherigen Leben spielte er in der Country- u. Bluegrass-Band &#8222;Old Number Seven&#8220;.<br><br><br><\/p>\n\n\n\n<div class=\"wp-block-image\"><figure class=\"alignright size-large is-resized\"><img loading=\"lazy\" decoding=\"async\" src=\"http:\/\/astloch-musik.de\/wp-content\/uploads\/2020\/02\/Lutz-Rosenberger-Large-683x1024.jpg\" alt=\"\" class=\"wp-image-43\" width=\"141\" height=\"212\" srcset=\"https:\/\/astloch-musik.de\/wp-content\/uploads\/2020\/02\/Lutz-Rosenberger-Large-683x1024.jpg 683w, https:\/\/astloch-musik.de\/wp-content\/uploads\/2020\/02\/Lutz-Rosenberger-Large-200x300.jpg 200w, https:\/\/astloch-musik.de\/wp-content\/uploads\/2020\/02\/Lutz-Rosenberger-Large-768x1152.jpg 768w, https:\/\/astloch-musik.de\/wp-content\/uploads\/2020\/02\/Lutz-Rosenberger-Large-1024x1536.jpg 1024w, https:\/\/astloch-musik.de\/wp-content\/uploads\/2020\/02\/Lutz-Rosenberger-Large.jpg 1080w\" sizes=\"auto, (max-width: 141px) 100vw, 141px\" \/><\/figure><\/div>\n\n\n\n<p class=\"has-text-color has-background has-black-color has-gold-background-color\"><strong>Lutz Rosenberger<\/strong><br><strong><br><\/strong>Lutz wurde 1963 geboren und sammelte bereits w\u00e4hrend seiner Studienzeit erste Band-Erfahrungen in einer Folkgruppe. Bei ASTLOCH spielt er Mandoline, singt und sorgt am Powermixer f\u00fcr den optimalen Sound. <br>Lutz ist von Anfang an dabei. <br><br><\/p>\n\n\n\n<div class=\"wp-block-image\"><figure class=\"alignright size-large is-resized\"><img decoding=\"async\" src=\"http:\/\/astloch-musik.de\/wp-content\/uploads\/2020\/02\/Johannes-Wilhelm-Large-1-683x1024.jpg\" alt=\"\" class=\"wp-image-52\" width=\"150\" srcset=\"https:\/\/astloch-musik.de\/wp-content\/uploads\/2020\/02\/Johannes-Wilhelm-Large-1-683x1024.jpg 683w, https:\/\/astloch-musik.de\/wp-content\/uploads\/2020\/02\/Johannes-Wilhelm-Large-1-200x300.jpg 200w, https:\/\/astloch-musik.de\/wp-content\/uploads\/2020\/02\/Johannes-Wilhelm-Large-1-768x1152.jpg 768w, https:\/\/astloch-musik.de\/wp-content\/uploads\/2020\/02\/Johannes-Wilhelm-Large-1-1024x1536.jpg 1024w, https:\/\/astloch-musik.de\/wp-content\/uploads\/2020\/02\/Johannes-Wilhelm-Large-1.jpg 1080w\" sizes=\"(max-width: 683px) 100vw, 683px\" \/><\/figure><\/div>\n\n\n\n<p class=\"has-text-color has-background has-black-color has-gold-background-color\"><strong>Johannes Wilhelm <br><\/strong><br>Auch Johannes konnte Zeit seines 1967 begonnenen Lebens vor ASTLOCH schon andere musikalische Erfahrungen sammeln. Er spielte fr\u00fcher Tanz-, Kirchen-, Country- sowie bayrisch-volkst\u00fcmliche Musik. Seit Mai 2000 singt er bei uns und ist au\u00dferdem zust\u00e4ndig f\u00fcr Bass, Trompete und Fl\u00f6te. <br><br><\/p>\n\n\n\n<div class=\"wp-block-image\"><figure class=\"alignright size-large is-resized\"><img decoding=\"async\" src=\"http:\/\/astloch-musik.de\/wp-content\/uploads\/2020\/02\/Frank-Wagner-Large-760x1024.jpg\" alt=\"\" class=\"wp-image-57\" width=\"150\" srcset=\"https:\/\/astloch-musik.de\/wp-content\/uploads\/2020\/02\/Frank-Wagner-Large-760x1024.jpg 760w, https:\/\/astloch-musik.de\/wp-content\/uploads\/2020\/02\/Frank-Wagner-Large-223x300.jpg 223w, https:\/\/astloch-musik.de\/wp-content\/uploads\/2020\/02\/Frank-Wagner-Large-768x1035.jpg 768w, https:\/\/astloch-musik.de\/wp-content\/uploads\/2020\/02\/Frank-Wagner-Large.jpg 1066w\" sizes=\"(max-width: 760px) 100vw, 760px\" \/><\/figure><\/div>\n\n\n\n<p class=\"has-text-color has-background has-black-color has-gold-background-color\"><strong>Frank Wagner<br><\/strong><br>Frank war bereits von 1999 bis 2001 bei ASTLOCH. Nach einer Kreativpause ist der im Woodstock-Jahr 1969 Geborene seit 2013 wieder bei uns an Mikrofon, Bass und Gitarre unterwegs.<br><br><br><\/p>\n","protected":false},"excerpt":{"rendered":"<p>Im Herbst 1998 gruppierte sich ASTLOCH und stand im August 1999 als Trio erstmals auf der B\u00fchne. Die Band ist seitdem auf verschiedenen Festen und zu Privatfeiern in und um<a href=\"https:\/\/astloch-musik.de\/?page_id=21\" class=\"more-link\"><span class=\"readmore\">Continue reading<span class=\"screen-reader-text\">Die Band<\/span><\/span><\/a><\/p>\n","protected":false},"author":1,"featured_media":0,"parent":0,"menu_order":0,"comment_status":"closed","ping_status":"closed","template":"","meta":{"footnotes":""},"class_list":["post-21","page","type-page","status-publish","hentry"],"jetpack_sharing_enabled":true,"_links":{"self":[{"href":"https:\/\/astloch-musik.de\/index.php?rest_route=\/wp\/v2\/pages\/21","targetHints":{"allow":["GET"]}}],"collection":[{"href":"https:\/\/astloch-musik.de\/index.php?rest_route=\/wp\/v2\/pages"}],"about":[{"href":"https:\/\/astloch-musik.de\/index.php?rest_route=\/wp\/v2\/types\/page"}],"author":[{"embeddable":true,"href":"https:\/\/astloch-musik.de\/index.php?rest_route=\/wp\/v2\/users\/1"}],"replies":[{"embeddable":true,"href":"https:\/\/astloch-musik.de\/index.php?rest_route=%2Fwp%2Fv2%2Fcomments&post=21"}],"version-history":[{"count":17,"href":"https:\/\/astloch-musik.de\/index.php?rest_route=\/wp\/v2\/pages\/21\/revisions"}],"predecessor-version":[{"id":179,"href":"https:\/\/astloch-musik.de\/index.php?rest_route=\/wp\/v2\/pages\/21\/revisions\/179"}],"wp:attachment":[{"href":"https:\/\/astloch-musik.de\/index.php?rest_route=%2Fwp%2Fv2%2Fmedia&parent=21"}],"curies":[{"name":"wp","href":"https:\/\/api.w.org\/{rel}","templated":true}]}}