{"id":22,"date":"2020-02-07T17:11:24","date_gmt":"2020-02-07T17:11:24","guid":{"rendered":"http:\/\/astloch-musik.de\/?page_id=22"},"modified":"2020-03-02T22:07:10","modified_gmt":"2020-03-02T22:07:10","slug":"die-musik","status":"publish","type":"page","link":"https:\/\/astloch-musik.de\/?page_id=22","title":{"rendered":"Die Musik"},"content":{"rendered":"\n<p style=\"font-size:20px\" class=\"has-text-color has-background has-black-color has-gold-background-color\">Das Repertoire der Band ist gepr\u00e4gt von Cajunmusik aus dem S\u00fcden der USA , Folk, Country und Bluegrass. Unser Sound wird haupts\u00e4chlich durch Saiteninstrumente wie Gitarre, Banjo, Bass, Mandoline und Dobro gepr\u00e4gt. Aber auch verschiedene Elemente von Handpercussion sind zu h\u00f6ren.<br>ASTLOCH-Musik pumpt und groovt. Sie ist einfach, melodisch und derma\u00dfen rhythmisch, dass das Stillsitzen bei den Twostepps, Walzern und Cajun Freeze schier unm\u00f6glich ist. <\/p>\n\n\n\n<p style=\"background-color:#ebd723;font-size:22px\" class=\"has-background has-text-align-center\"><em><strong>Musik von ASTLOCH &#8211; markant und handgemacht<\/strong><\/em><br><strong>Unser aktuelles Repertoire:<\/strong><\/p>\n\n\n\n<div class=\"wp-block-group\"><div class=\"wp-block-group__inner-container is-layout-flow wp-block-group-is-layout-flow\">\n<div class=\"wp-block-columns is-layout-flex wp-container-core-columns-is-layout-1 wp-block-columns-is-layout-flex\">\n<div class=\"wp-block-column is-layout-flow wp-block-column-is-layout-flow\">\n<figure class=\"wp-block-audio\"><audio controls src=\"http:\/\/astloch-musik.de\/wp-content\/uploads\/2020\/02\/alligato.mp3\"><\/audio><figcaption> Alligator<\/figcaption><\/figure>\n\n\n\n<figure class=\"wp-block-audio\"><audio controls src=\"http:\/\/astloch-musik.de\/wp-content\/uploads\/2020\/02\/jamba.mp3\"><\/audio><figcaption> Jambalaya<\/figcaption><\/figure>\n\n\n\n<figure class=\"wp-block-audio\"><audio controls src=\"http:\/\/astloch-musik.de\/wp-content\/uploads\/2020\/02\/willthe.mp3\"><\/audio><figcaption> Will the circle be unbroken<\/figcaption><\/figure>\n\n\n\n<ul class=\"wp-block-list\"><li>Bury me beneath the willow<\/li><li>Country Lili <\/li><li>Southern streamline<\/li><li>Das alte Haus von Rocky Docky<\/li><li>Angeln entspannt<\/li><li>Love you in vain<\/li><li>Live forever<\/li><li>Jackson<\/li><li>Keep on sunny side of life<\/li><li>Allons danser, Colinda<\/li><li><span style=\"font-size: 1.125rem;\">Whiskey in the jar<\/span><\/li><li>Ich h\u00f6re gerne Cajun- Musik<\/li><li>Little mountain church house<\/li><li>Waiting for a train<\/li><li>Some broken hearts<\/li><li>Heute hier, morgen dort<\/li><li>Flor della flores<\/li><li>Steel rails<\/li><li>Fox on the run<\/li><li>Wei\u00dfes Boot<\/li><li>Bayou noir<\/li><li>Honky tonk angles<\/li><li>Take me home country roads<\/li><li>Sound of loneliness<\/li><li>Sommerwein<\/li><li>California blue<\/li><li>Take it easy, altes Haus<\/li><li>Gipsy Rover<\/li><li>If I needed you<\/li><li>A six pack to go<\/li><li>Longfellow serenade<\/li><li>La valse de cherokee<\/li><li>Wunder geschehen<\/li><li>Spiritual medley<\/li><li>All the good times<\/li><li>Ring of fire<\/li><li>Dave Duddley<\/li><li>Banks of the Ohio<\/li><li>You ain&#8217;t goin nowhere<\/li><\/ul>\n<\/div>\n\n\n\n<div class=\"wp-block-column is-layout-flow wp-block-column-is-layout-flow\">\n<ul class=\"wp-block-list\"><li>Engel haben immer kalte F\u00fc\u00dfe<\/li><li>Franki wollte Cowboy werden<\/li><li>It&#8217;s all over now baby blue<\/li><li>Blue bayou<\/li><li>Der wilde wilde Westen<\/li><li>Amazing grace<\/li><li>Griechischer Wein <\/li><li>\u00dcber den Wolken<\/li><li>Butterfly  <\/li><li>Help me make it through the night<\/li><li>Old texas town<\/li><li>On the Monday<\/li><li>Majas Blumenwiese<\/li><li>Marina<\/li><li>You are my sunshine<\/li><li>Marmor, Stein und Eisen<\/li><li>Joeline<\/li><li>Jugendliebe<\/li><li>Oklahoma hills<\/li><li>Du bist immer auf Achse<\/li><li>Mein Opa das bin ich<\/li><li>Wabash Connonball<\/li><li>Goodnight Irene<\/li><li>Auld lang syne<\/li><li>Knocking on heavens door<\/li><li>River Lady<\/li><li>Me and Bobby McGee<\/li><li>Four strong winds<\/li><li>Nordseek\u00fcste<\/li><li>Molly Melone<\/li><li>Bin ein fahrender Gesell <\/li><li>Lustig, lustig <\/li><li>Rennsteiglied<\/li><li>Gesellenwoche<\/li><li>Happy birthday<\/li><li>Resi, i hol di<\/li><li>It ain\u2019t mee babe<\/li><li>Sky boat song<\/li><li>Hallelujah           <\/li><li>Feliz Navidad<\/li><li>Leise rieselt der Schnee<\/li><li>Ihr Kinderlein kommet<\/li><li>Christmas time<code>s a comin<\/code><\/li><li>O holy night<\/li><li>Weihnachten steht vor der T\u00fcr<\/li><li>Holly jolly christmas<\/li><li>The little drummer boy<\/li><li>S\u00fc\u00dfer die Glocken nie klingen<\/li><li>Lasst uns froh und munter sein<\/li><li>Kommt der Weihnachtsmann n.Texas<\/li><li>Erwin der dicke Schneemann<\/li><li>Wir w\u00fcnschen euch ein frohes Fest<\/li><li>Jingle bells<\/li><li>Silent night <\/li><\/ul>\n<\/div>\n<\/div>\n<\/div><\/div>\n\n\n\n<p><\/p>\n","protected":false},"excerpt":{"rendered":"<p>Das Repertoire der Band ist gepr\u00e4gt von Cajunmusik aus dem S\u00fcden der USA , Folk, Country und Bluegrass. Unser Sound wird haupts\u00e4chlich durch Saiteninstrumente wie Gitarre, Banjo, Bass, Mandoline und<a href=\"https:\/\/astloch-musik.de\/?page_id=22\" class=\"more-link\"><span class=\"readmore\">Continue reading<span class=\"screen-reader-text\">Die Musik<\/span><\/span><\/a><\/p>\n","protected":false},"author":1,"featured_media":0,"parent":0,"menu_order":0,"comment_status":"closed","ping_status":"closed","template":"","meta":{"footnotes":""},"class_list":["post-22","page","type-page","status-publish","hentry"],"jetpack_sharing_enabled":true,"_links":{"self":[{"href":"https:\/\/astloch-musik.de\/index.php?rest_route=\/wp\/v2\/pages\/22","targetHints":{"allow":["GET"]}}],"collection":[{"href":"https:\/\/astloch-musik.de\/index.php?rest_route=\/wp\/v2\/pages"}],"about":[{"href":"https:\/\/astloch-musik.de\/index.php?rest_route=\/wp\/v2\/types\/page"}],"author":[{"embeddable":true,"href":"https:\/\/astloch-musik.de\/index.php?rest_route=\/wp\/v2\/users\/1"}],"replies":[{"embeddable":true,"href":"https:\/\/astloch-musik.de\/index.php?rest_route=%2Fwp%2Fv2%2Fcomments&post=22"}],"version-history":[{"count":13,"href":"https:\/\/astloch-musik.de\/index.php?rest_route=\/wp\/v2\/pages\/22\/revisions"}],"predecessor-version":[{"id":173,"href":"https:\/\/astloch-musik.de\/index.php?rest_route=\/wp\/v2\/pages\/22\/revisions\/173"}],"wp:attachment":[{"href":"https:\/\/astloch-musik.de\/index.php?rest_route=%2Fwp%2Fv2%2Fmedia&parent=22"}],"curies":[{"name":"wp","href":"https:\/\/api.w.org\/{rel}","templated":true}]}}