{"id":23,"date":"2020-02-07T17:11:24","date_gmt":"2020-02-07T17:11:24","guid":{"rendered":"http:\/\/astloch-musik.de\/?page_id=23"},"modified":"2025-09-30T19:06:35","modified_gmt":"2025-09-30T19:06:35","slug":"on-tour","status":"publish","type":"page","link":"https:\/\/astloch-musik.de\/?page_id=23","title":{"rendered":"On Tour"},"content":{"rendered":"\n<p><strong><mark style=\"background-color:#15aebf\" class=\"has-inline-color has-black-color\">Unsere n\u00e4chsten Auftrittstermine:<\/mark><\/strong><\/p>\n\n\n\n<p>07.02.2026: Unterwei\u00dfbach &#8211; Geburtstagsparty<br><br>11.12.2025, 15 Uhr, Rudolstadt: Weihnachtskonzert im Diakonischen Altenhilfezentrum <\/p>\n\n\n\n<p>05.12.2025, 19 Uhr, D\u00f6schnitz: Weihnachtskonzert<br><br>15.11.2025, 17 Uhr, Dornburg: Hofb\u00e4ckerei Schl\u00f6sserblick<br><br>30.10.2025: 20 Uhr, Reschwitz: <a href=\"https:\/\/www.fts-festival.de\/\" data-type=\"link\" data-id=\"https:\/\/www.fts-festival.de\/\" target=\"_blank\" rel=\"noreferrer noopener\">Kulturscheune &#8211; FTS-Festival<\/a><br><br>04.10.2025:<\/p>\n\n\n\n<figure class=\"wp-block-image size-large is-resized\"><img loading=\"lazy\" decoding=\"async\" width=\"723\" height=\"1024\" src=\"https:\/\/astloch-musik.de\/wp-content\/uploads\/2025\/09\/251004-Breternitz-723x1024.jpg\" alt=\"\" class=\"wp-image-267\" style=\"width:478px;height:auto\" srcset=\"https:\/\/astloch-musik.de\/wp-content\/uploads\/2025\/09\/251004-Breternitz-723x1024.jpg 723w, https:\/\/astloch-musik.de\/wp-content\/uploads\/2025\/09\/251004-Breternitz-212x300.jpg 212w, https:\/\/astloch-musik.de\/wp-content\/uploads\/2025\/09\/251004-Breternitz-106x150.jpg 106w, https:\/\/astloch-musik.de\/wp-content\/uploads\/2025\/09\/251004-Breternitz-768x1088.jpg 768w, https:\/\/astloch-musik.de\/wp-content\/uploads\/2025\/09\/251004-Breternitz.jpg 1076w\" sizes=\"auto, (max-width: 723px) 100vw, 723px\" \/><\/figure>\n\n\n\n<p>13.08.2025: Waldhotel-Restaurant Mellestollen<\/p>\n\n\n\n<figure class=\"wp-block-image size-large\"><img loading=\"lazy\" decoding=\"async\" width=\"1024\" height=\"768\" src=\"https:\/\/astloch-musik.de\/wp-content\/uploads\/2025\/08\/Waldhotel-Mellestollen-August-2025-1024x768.jpg\" alt=\"\" class=\"wp-image-264\" srcset=\"https:\/\/astloch-musik.de\/wp-content\/uploads\/2025\/08\/Waldhotel-Mellestollen-August-2025-1024x768.jpg 1024w, https:\/\/astloch-musik.de\/wp-content\/uploads\/2025\/08\/Waldhotel-Mellestollen-August-2025-300x225.jpg 300w, https:\/\/astloch-musik.de\/wp-content\/uploads\/2025\/08\/Waldhotel-Mellestollen-August-2025-150x113.jpg 150w, https:\/\/astloch-musik.de\/wp-content\/uploads\/2025\/08\/Waldhotel-Mellestollen-August-2025-768x576.jpg 768w, https:\/\/astloch-musik.de\/wp-content\/uploads\/2025\/08\/Waldhotel-Mellestollen-August-2025-1536x1152.jpg 1536w, https:\/\/astloch-musik.de\/wp-content\/uploads\/2025\/08\/Waldhotel-Mellestollen-August-2025-960x720.jpg 960w, https:\/\/astloch-musik.de\/wp-content\/uploads\/2025\/08\/Waldhotel-Mellestollen-August-2025-640x480.jpg 640w, https:\/\/astloch-musik.de\/wp-content\/uploads\/2025\/08\/Waldhotel-Mellestollen-August-2025.jpg 1600w\" sizes=\"auto, (max-width: 1024px) 100vw, 1024px\" \/><\/figure>\n\n\n\n<p><\/p>\n\n\n\n<p>15.12.2024, 15 Uhr: Weihnachtskonzert ASTLOCH und M\u00fcnzetaler in der Kirche Sundremda<\/p>\n\n\n\n<p>12.12.2024, 15 Uhr: Weihnachtskonzert im Altenheim der Diakonie Rudolstadt<\/p>\n\n\n\n<p>8.12.2024, 16 Uhr: Adventssingen mit ASTLOCH-M\u00fcnzetaler-Kindergarten &#8222;Drunter und Tr\u00fcber&#8220;<br>in der Kirche K\u00f6nitz<\/p>\n\n\n\n<p>+++<\/p>\n\n\n\n<p>&#8222;Saalfelder Beachdays 2023&#8220;:<\/p>\n\n\n\n<figure class=\"wp-block-image size-full\"><img loading=\"lazy\" decoding=\"async\" width=\"1000\" height=\"482\" src=\"https:\/\/astloch-musik.de\/wp-content\/uploads\/2023\/06\/beachdays.jpg\" alt=\"\" class=\"wp-image-234\" srcset=\"https:\/\/astloch-musik.de\/wp-content\/uploads\/2023\/06\/beachdays.jpg 1000w, https:\/\/astloch-musik.de\/wp-content\/uploads\/2023\/06\/beachdays-300x145.jpg 300w, https:\/\/astloch-musik.de\/wp-content\/uploads\/2023\/06\/beachdays-150x72.jpg 150w, https:\/\/astloch-musik.de\/wp-content\/uploads\/2023\/06\/beachdays-768x370.jpg 768w\" sizes=\"auto, (max-width: 1000px) 100vw, 1000px\" \/><\/figure>\n\n\n\n<p>+++<\/p>\n\n\n\n<figure class=\"wp-block-image size-full\"><img loading=\"lazy\" decoding=\"async\" width=\"843\" height=\"920\" src=\"https:\/\/astloch-musik.de\/wp-content\/uploads\/2022\/10\/Astloch-221002_2.jpg\" alt=\"\" class=\"wp-image-204\" srcset=\"https:\/\/astloch-musik.de\/wp-content\/uploads\/2022\/10\/Astloch-221002_2.jpg 843w, https:\/\/astloch-musik.de\/wp-content\/uploads\/2022\/10\/Astloch-221002_2-275x300.jpg 275w, https:\/\/astloch-musik.de\/wp-content\/uploads\/2022\/10\/Astloch-221002_2-137x150.jpg 137w, https:\/\/astloch-musik.de\/wp-content\/uploads\/2022\/10\/Astloch-221002_2-768x838.jpg 768w\" sizes=\"auto, (max-width: 843px) 100vw, 843px\" \/><\/figure>\n\n\n\n<figure class=\"wp-block-image size-large\"><img loading=\"lazy\" decoding=\"async\" width=\"1024\" height=\"574\" src=\"https:\/\/astloch-musik.de\/wp-content\/uploads\/2022\/08\/bauernhaeuser_und_astloch-1024x574.jpg\" alt=\"\" class=\"wp-image-198\" srcset=\"https:\/\/astloch-musik.de\/wp-content\/uploads\/2022\/08\/bauernhaeuser_und_astloch-1024x574.jpg 1024w, https:\/\/astloch-musik.de\/wp-content\/uploads\/2022\/08\/bauernhaeuser_und_astloch-300x168.jpg 300w, https:\/\/astloch-musik.de\/wp-content\/uploads\/2022\/08\/bauernhaeuser_und_astloch-150x84.jpg 150w, https:\/\/astloch-musik.de\/wp-content\/uploads\/2022\/08\/bauernhaeuser_und_astloch-768x430.jpg 768w, https:\/\/astloch-musik.de\/wp-content\/uploads\/2022\/08\/bauernhaeuser_und_astloch-990x556.jpg 990w, https:\/\/astloch-musik.de\/wp-content\/uploads\/2022\/08\/bauernhaeuser_und_astloch.jpg 1160w\" sizes=\"auto, (max-width: 1024px) 100vw, 1024px\" \/><\/figure>\n\n\n\n<p>Was f\u00fcr ein wundervoller Sp\u00e4tsommerabend an den Th\u00fcringer Bauernh\u00e4usern und welche Freude hier zu spielen. Ein gro\u00dfes Dankesch\u00f6n an Rudolstadt, die cc-audio Veranstaltungstechnik und unser treues Publikum sowie die zahlreichen neuen ASTLOCH-Fans. Wolfgangs Satz am Konzertende: &#8222;Das war der sch\u00f6nste Abend dieses Sommers bisher&#8220;, hat uns besonders ber\u00fchrt. Ein Extra-MERCI geht aber an Dorothea daf\u00fcr, dass sie spontan f\u00fcr unsere S\u00e4ngerin Antonia eingesprungen ist, die krankheitsbedingt kurzfristig absagen musste &#8211; einzigartig musikalische &#8220; twin sisters&#8220; eben!<\/p>\n\n\n\n<figure class=\"wp-block-image size-large\"><img loading=\"lazy\" decoding=\"async\" width=\"1024\" height=\"683\" src=\"https:\/\/astloch-musik.de\/wp-content\/uploads\/2022\/10\/Astloch-221002_1-1024x683.jpg\" alt=\"\" class=\"wp-image-203\" srcset=\"https:\/\/astloch-musik.de\/wp-content\/uploads\/2022\/10\/Astloch-221002_1-1024x683.jpg 1024w, https:\/\/astloch-musik.de\/wp-content\/uploads\/2022\/10\/Astloch-221002_1-300x200.jpg 300w, https:\/\/astloch-musik.de\/wp-content\/uploads\/2022\/10\/Astloch-221002_1-150x100.jpg 150w, https:\/\/astloch-musik.de\/wp-content\/uploads\/2022\/10\/Astloch-221002_1-768x512.jpg 768w, https:\/\/astloch-musik.de\/wp-content\/uploads\/2022\/10\/Astloch-221002_1.jpg 1296w\" sizes=\"auto, (max-width: 1024px) 100vw, 1024px\" \/><\/figure>\n\n\n\n<p>15.07.2022 &#8222;Tobis Beachbar-Tage&#8220;, Saalfeld, Stadion an den Saalewiesen <\/p>\n\n\n\n<figure class=\"wp-block-video\"><video controls src=\"https:\/\/astloch-musik.de\/wp-content\/uploads\/2022\/07\/Tobis-Beachbar-2022.mp4\"><\/video><\/figure>\n\n\n\n<figure class=\"wp-block-image size-full\"><img loading=\"lazy\" decoding=\"async\" width=\"720\" height=\"706\" src=\"https:\/\/astloch-musik.de\/wp-content\/uploads\/2022\/07\/Tobis-Beachbar-2022_1.jpg\" alt=\"\" class=\"wp-image-192\" srcset=\"https:\/\/astloch-musik.de\/wp-content\/uploads\/2022\/07\/Tobis-Beachbar-2022_1.jpg 720w, https:\/\/astloch-musik.de\/wp-content\/uploads\/2022\/07\/Tobis-Beachbar-2022_1-300x294.jpg 300w, https:\/\/astloch-musik.de\/wp-content\/uploads\/2022\/07\/Tobis-Beachbar-2022_1-150x147.jpg 150w\" sizes=\"auto, (max-width: 720px) 100vw, 720px\" \/><\/figure>\n\n\n\n<figure class=\"wp-block-image size-large\"><img loading=\"lazy\" decoding=\"async\" width=\"1024\" height=\"708\" src=\"http:\/\/astloch-musik.de\/wp-content\/uploads\/2022\/07\/Tobis-Beachbar-2022_2-1024x708.jpg\" alt=\"\" class=\"wp-image-195\" srcset=\"https:\/\/astloch-musik.de\/wp-content\/uploads\/2022\/07\/Tobis-Beachbar-2022_2-1024x708.jpg 1024w, https:\/\/astloch-musik.de\/wp-content\/uploads\/2022\/07\/Tobis-Beachbar-2022_2-300x207.jpg 300w, https:\/\/astloch-musik.de\/wp-content\/uploads\/2022\/07\/Tobis-Beachbar-2022_2-150x104.jpg 150w, https:\/\/astloch-musik.de\/wp-content\/uploads\/2022\/07\/Tobis-Beachbar-2022_2-768x531.jpg 768w, https:\/\/astloch-musik.de\/wp-content\/uploads\/2022\/07\/Tobis-Beachbar-2022_2-1536x1062.jpg 1536w, https:\/\/astloch-musik.de\/wp-content\/uploads\/2022\/07\/Tobis-Beachbar-2022_2.jpg 1600w\" sizes=\"auto, (max-width: 1024px) 100vw, 1024px\" \/><\/figure>\n\n\n\n<p>20.08.2021 Tobis Beachbar-Tage, Saalfeld, Stadion an den Saalewiesen <\/p>\n\n\n\n<figure class=\"wp-block-video\"><video controls src=\"http:\/\/astloch-musik.de\/wp-content\/uploads\/2022\/01\/trailer-saalestrand-2021.mp4\"><\/video><\/figure>\n\n\n\n<figure class=\"wp-block-image size-large\"><img loading=\"lazy\" decoding=\"async\" width=\"1024\" height=\"519\" src=\"https:\/\/astloch-musik.de\/wp-content\/uploads\/2022\/01\/210820-Tobis-Beach-Bar-1024x519.jpg\" alt=\"\" class=\"wp-image-187\" srcset=\"https:\/\/astloch-musik.de\/wp-content\/uploads\/2022\/01\/210820-Tobis-Beach-Bar-1024x519.jpg 1024w, https:\/\/astloch-musik.de\/wp-content\/uploads\/2022\/01\/210820-Tobis-Beach-Bar-300x152.jpg 300w, https:\/\/astloch-musik.de\/wp-content\/uploads\/2022\/01\/210820-Tobis-Beach-Bar-150x76.jpg 150w, https:\/\/astloch-musik.de\/wp-content\/uploads\/2022\/01\/210820-Tobis-Beach-Bar-768x389.jpg 768w, https:\/\/astloch-musik.de\/wp-content\/uploads\/2022\/01\/210820-Tobis-Beach-Bar.jpg 1067w\" sizes=\"auto, (max-width: 1024px) 100vw, 1024px\" \/><\/figure>\n\n\n\n<p><br>28.03.2020  Geburtstagsparty im Saalfelder &#8222;Klosterst\u00fcbl&#8220;<br>27.06.2020  Firmenfeier in Eyba<br>18.07.2020  Gartenvereinsfest in Arnstadt<br>21.08.2020  Geburtstagsparty in Arnstadt<br>12.12.2020  Geburtstagsparty<\/p>\n\n\n\n<p>Gerne k\u00f6nnen Sie uns f\u00fcr Ihre private Party oder Firmenfeier <a href=\"http:\/\/astloch-musik.de\/?page_id=25\"><strong>buchen<\/strong><\/a>.<\/p>\n\n\n\n<p>Regelm\u00e4\u00dfig treten wir u.a. auch beim &#8222;Grottenadvent&#8220; in den Saalfelder Feengrotten auf.<\/p>\n\n\n\n<figure class=\"wp-block-image size-large\"><img loading=\"lazy\" decoding=\"async\" width=\"1024\" height=\"360\" src=\"http:\/\/astloch-musik.de\/wp-content\/uploads\/2020\/02\/Grottenadvent-2020-1024x360.jpg\" alt=\"\" class=\"wp-image-84\" srcset=\"https:\/\/astloch-musik.de\/wp-content\/uploads\/2020\/02\/Grottenadvent-2020-1024x360.jpg 1024w, https:\/\/astloch-musik.de\/wp-content\/uploads\/2020\/02\/Grottenadvent-2020-300x105.jpg 300w, https:\/\/astloch-musik.de\/wp-content\/uploads\/2020\/02\/Grottenadvent-2020-768x270.jpg 768w, https:\/\/astloch-musik.de\/wp-content\/uploads\/2020\/02\/Grottenadvent-2020-1536x540.jpg 1536w, https:\/\/astloch-musik.de\/wp-content\/uploads\/2020\/02\/Grottenadvent-2020.jpg 1748w\" sizes=\"auto, (max-width: 1024px) 100vw, 1024px\" \/><\/figure>\n\n\n\n<p><\/p>\n","protected":false},"excerpt":{"rendered":"<p>Unsere n\u00e4chsten Auftrittstermine: 07.02.2026: Unterwei\u00dfbach &#8211; Geburtstagsparty 11.12.2025, 15 Uhr, Rudolstadt: Weihnachtskonzert im Diakonischen Altenhilfezentrum 05.12.2025, 19 Uhr, D\u00f6schnitz: Weihnachtskonzert 15.11.2025, 17 Uhr, Dornburg: Hofb\u00e4ckerei Schl\u00f6sserblick 30.10.2025: 20 Uhr, Reschwitz:<a href=\"https:\/\/astloch-musik.de\/?page_id=23\" class=\"more-link\"><span class=\"readmore\">Continue reading<span class=\"screen-reader-text\">On Tour<\/span><\/span><\/a><\/p>\n","protected":false},"author":1,"featured_media":0,"parent":0,"menu_order":0,"comment_status":"closed","ping_status":"closed","template":"","meta":{"footnotes":""},"class_list":["post-23","page","type-page","status-publish","hentry"],"jetpack_sharing_enabled":true,"_links":{"self":[{"href":"https:\/\/astloch-musik.de\/index.php?rest_route=\/wp\/v2\/pages\/23","targetHints":{"allow":["GET"]}}],"collection":[{"href":"https:\/\/astloch-musik.de\/index.php?rest_route=\/wp\/v2\/pages"}],"about":[{"href":"https:\/\/astloch-musik.de\/index.php?rest_route=\/wp\/v2\/types\/page"}],"author":[{"embeddable":true,"href":"https:\/\/astloch-musik.de\/index.php?rest_route=\/wp\/v2\/users\/1"}],"replies":[{"embeddable":true,"href":"https:\/\/astloch-musik.de\/index.php?rest_route=%2Fwp%2Fv2%2Fcomments&post=23"}],"version-history":[{"count":25,"href":"https:\/\/astloch-musik.de\/index.php?rest_route=\/wp\/v2\/pages\/23\/revisions"}],"predecessor-version":[{"id":274,"href":"https:\/\/astloch-musik.de\/index.php?rest_route=\/wp\/v2\/pages\/23\/revisions\/274"}],"wp:attachment":[{"href":"https:\/\/astloch-musik.de\/index.php?rest_route=%2Fwp%2Fv2%2Fmedia&parent=23"}],"curies":[{"name":"wp","href":"https:\/\/api.w.org\/{rel}","templated":true}]}}